{"id":7,"date":"2025-04-03T10:00:10","date_gmt":"2025-04-03T10:00:10","guid":{"rendered":"https:\/\/vizyon.storepos.nl\/?page_id=7"},"modified":"2025-04-06T08:42:14","modified_gmt":"2025-04-06T08:42:14","slug":"vizyon-restoran","status":"publish","type":"page","link":"https:\/\/vizyon.storepos.nl\/","title":{"rendered":"Vizyon Teras Resturan Cafe &amp; Bar"},"content":{"rendered":"\n<figure class=\"wp-block-image alignwide size-full is-style-default\"><img loading=\"lazy\" decoding=\"async\" width=\"768\" height=\"576\" src=\"https:\/\/vizyon.storepos.nl\/wp-content\/uploads\/2025\/04\/vizyon.png\" alt=\"\" class=\"wp-image-8\" srcset=\"https:\/\/vizyon.storepos.nl\/wp-content\/uploads\/2025\/04\/vizyon.png 768w, https:\/\/vizyon.storepos.nl\/wp-content\/uploads\/2025\/04\/vizyon-300x225.png 300w\" sizes=\"auto, (max-width: 768px) 100vw, 768px\" \/><\/figure>\n\n\n<h1 class=\"has-text-align-center has-black-color has-white-background-color has-text-color has-background has-link-color has-large-font-size wp-elements-caad8ad37e94b9f6358d9ab5b9e39b2a\" style=\"text-align: center;\"><span style=\"color: #000000;\"><strong><em>HIKAYEMIZ<\/em><\/strong><\/span><\/h1>\n<h2 style=\"text-align: center;\"><span style=\"color: #000000;\"><strong><em>Size Hizmet Etmekten Gurur Duyar\u0131z<\/em><\/strong><\/span><\/h2>\n<p class=\"has-text-align-center has-white-background-color has-background has-medium-font-size\" style=\"text-align: center;\"><span style=\"color: #000000;\"><em><strong>\u0130lk gastronoi tecr\u00fcbem ve deneyimim 1998 y\u0131l\u0131nda Almanya\u2019da bir \u0130talyan restauran\u0131nda ba\u015flad\u0131. Burda 3 sene staj g\u00f6rd\u00fcm gastronomi hizmetine olan tutkunlu\u011fum ilk ordan ba\u015flad\u0131. 2003 y\u0131l\u0131nda T\u00fcrkiyeye geldi\u011fimde edinmi\u015f oldu\u011fum tecr\u00fcbe ve bilgilerime \u00a0T\u00fcrkiyedede \u00e7e\u015fitli otel ve restaurantlarda \u00e7al\u0131\u015farak bir yenilerini ekledim \u00a02015 te restaurant ve hizmet sekt\u00f6r\u00fcnde edinmi\u015f oldu\u011fum bilgilerimi ve tecr\u00fcbelerimi yeni bir vizyon \u00e7at\u0131s\u0131 alt\u0131nda toplay\u0131p Avsallarda Vizyon Teras Restaurant olarak ilk ad\u0131m\u0131m\u0131z\u0131 att\u0131k burda g\u00fcn\u00fcm\u00fcz\u00fcn \u015fartlar\u0131nda ve \u00a0ad\u0131m\u0131z\u0131n verdi\u011fi b\u00fcy\u00fck sorumlulu\u011fu bilerek g\u00fcn\u00fcm\u00fcz\u00fcn vizyon takiplerini yap\u0131p bu gastronomi d\u00fcnyas\u0131nda yenilenen ve de\u011fi\u015fen modern d\u00fcnyada d\u00fcnya mutfa\u011f\u0131m\u0131za her y\u0131l yeni tatlar ekleyerek bizim i\u00e7in her zaman \u00f6nc\u00fc olan m\u00fc\u015fterilerimize sunmaya devam ediyoruz&#8230;<\/strong><\/em><\/span><\/p>\n\n\n<div class=\"wp-block-cover\" style=\"min-height:581px;aspect-ratio:unset;\"><span aria-hidden=\"true\" class=\"wp-block-cover__background has-background-dim\"><\/span><img loading=\"lazy\" decoding=\"async\" width=\"900\" height=\"506\" class=\"wp-block-cover__image-background wp-image-84\" alt=\"\" src=\"https:\/\/vizyon.storepos.nl\/wp-content\/uploads\/2025\/04\/vizyon-teras-restaurant-1.jpg\" data-object-fit=\"cover\" srcset=\"https:\/\/vizyon.storepos.nl\/wp-content\/uploads\/2025\/04\/vizyon-teras-restaurant-1.jpg 900w, https:\/\/vizyon.storepos.nl\/wp-content\/uploads\/2025\/04\/vizyon-teras-restaurant-1-300x169.jpg 300w, https:\/\/vizyon.storepos.nl\/wp-content\/uploads\/2025\/04\/vizyon-teras-restaurant-1-768x432.jpg 768w, https:\/\/vizyon.storepos.nl\/wp-content\/uploads\/2025\/04\/vizyon-teras-restaurant-1-350x196.jpg 350w\" sizes=\"auto, (max-width: 900px) 100vw, 900px\" \/><div class=\"wp-block-cover__inner-container is-layout-flow wp-block-cover-is-layout-flow\">\n<p class=\"has-text-align-center has-large-font-size\"><strong><em>\u00c7ALI\u015eMA SAATLERI<\/em><\/strong><\/p>\n\n\n\n<p class=\"has-text-align-center\"><em><strong><strong><em>\u0130ster Restoranda Yiyin \u0130ster Paket Yapt\u0131r\u0131n<\/em><\/strong><\/strong><\/em><\/p>\n\n\n\n<p class=\"has-text-align-center\"><strong><em>Her g\u00fcn: 08:30 &#8211; 03:00<\/em><\/strong><\/p>\n\n\n\n<p class=\"has-text-align-center has-large-font-size\"><strong><em><strong><strong><em>Vizyon Teras Resturant Cafe &amp; Bar<\/em><\/strong><\/strong><\/em><\/strong><\/p>\n<\/div><\/div>\n\n\n<blockquote>\n<h1 style=\"text-align: center;\"><strong><em>Vizyon Teras Resturan Cafe &amp; Bar<\/em><\/strong><\/h1>\n<\/blockquote>\n<p><!--more--><\/p>\n<p style=\"text-align: center;\"><strong><em>\u0130LETI\u015eIM VE REZERVASYON<\/em><\/strong><\/p>\n<p class=\"has-text-align-center has-black-color has-text-color has-link-color has-medium-font-size wp-elements-695c296f3b28796f586116926fa4dafb\" style=\"text-align: center;\"><em>Avsallar Mahallesi \u0130ncekum Caddesi No:2, Avsallar, Turkey<\/em><\/p>\n<p class=\"has-text-align-center\" style=\"text-align: center;\"><strong><em><a href=\"mailto:vizyonterasrestaurant@gmail.com\">vizyonterasrestaurant@gma<\/a><\/em><\/strong><strong><em><a href=\"mailto:vizyonterasrestaurant@gmail.com\">m<\/a><\/em><\/strong><strong><em><a href=\"mailto:vizyonterasrestaurant@gmail.com\">il.com<\/a><\/em><\/strong><\/p>\n<blockquote>\n<p class=\"has-text-align-center has-black-color has-text-color has-link-color wp-elements-393d30121397d8436510bc5c4b09c4a9\" style=\"text-align: center;\"><em>+90 242 517 20 07<\/em><\/p>\n<\/blockquote>\n\n\n<figure class=\"wp-block-image alignright size-large is-resized has-custom-border is-style-default\" style=\"margin-top:var(--wp--preset--spacing--x-large);margin-right:var(--wp--preset--spacing--x-large);margin-bottom:var(--wp--preset--spacing--x-large);margin-left:var(--wp--preset--spacing--x-large)\"><img loading=\"lazy\" decoding=\"async\" width=\"1024\" height=\"768\" src=\"https:\/\/vizyon.storepos.nl\/wp-content\/uploads\/2025\/04\/bistro_bahama-2-1024x768.jpg\" alt=\"\" class=\"wp-image-97\" style=\"border-width:100px;width:1140px;height:auto\" srcset=\"https:\/\/vizyon.storepos.nl\/wp-content\/uploads\/2025\/04\/bistro_bahama-2-1024x768.jpg 1024w, https:\/\/vizyon.storepos.nl\/wp-content\/uploads\/2025\/04\/bistro_bahama-2-300x225.jpg 300w, https:\/\/vizyon.storepos.nl\/wp-content\/uploads\/2025\/04\/bistro_bahama-2.jpg 1200w\" sizes=\"auto, (max-width: 1024px) 100vw, 1024px\" \/><\/figure>\n\n\n\n<div class=\"wp-block-group is-nowrap is-layout-flex wp-container-core-group-is-layout-6c531013 wp-block-group-is-layout-flex\"><\/div>\n\n\n\n<p><\/p>\n","protected":false},"excerpt":{"rendered":"<p>HIKAYEMIZ Size Hizmet Etmekten Gurur Duyar\u0131z \u0130lk gastronoi tecr\u00fcbem ve deneyimim 1998 y\u0131l\u0131nda Almanya\u2019da bir \u0130talyan restauran\u0131nda ba\u015flad\u0131. Burda 3 sene staj g\u00f6rd\u00fcm gastronomi hizmetine olan tutkunlu\u011fum ilk ordan ba\u015flad\u0131. 2003 y\u0131l\u0131nda T\u00fcrkiyeye geldi\u011fimde edinmi\u015f oldu\u011fum tecr\u00fcbe ve bilgilerime \u00a0T\u00fcrkiyedede \u00e7e\u015fitli otel ve restaurantlarda \u00e7al\u0131\u015farak bir yenilerini ekledim \u00a02015 te restaurant ve hizmet sekt\u00f6r\u00fcnde edinmi\u015f &hellip; <\/p>\n<p class=\"link-more\"><a href=\"https:\/\/vizyon.storepos.nl\/\" class=\"more-link\"><span class=\"screen-reader-text\"> &#8220;Vizyon Teras Resturan Cafe &amp; Bar&#8221;<\/span>devam\u0131n\u0131 oku<\/a><\/p>\n","protected":false},"author":1,"featured_media":23,"parent":0,"menu_order":0,"comment_status":"closed","ping_status":"closed","template":"","meta":{"footnotes":""},"class_list":["post-7","page","type-page","status-publish","has-post-thumbnail","hentry"],"_links":{"self":[{"href":"https:\/\/vizyon.storepos.nl\/index.php?rest_route=\/wp\/v2\/pages\/7","targetHints":{"allow":["GET"]}}],"collection":[{"href":"https:\/\/vizyon.storepos.nl\/index.php?rest_route=\/wp\/v2\/pages"}],"about":[{"href":"https:\/\/vizyon.storepos.nl\/index.php?rest_route=\/wp\/v2\/types\/page"}],"author":[{"embeddable":true,"href":"https:\/\/vizyon.storepos.nl\/index.php?rest_route=\/wp\/v2\/users\/1"}],"replies":[{"embeddable":true,"href":"https:\/\/vizyon.storepos.nl\/index.php?rest_route=%2Fwp%2Fv2%2Fcomments&post=7"}],"version-history":[{"count":5,"href":"https:\/\/vizyon.storepos.nl\/index.php?rest_route=\/wp\/v2\/pages\/7\/revisions"}],"predecessor-version":[{"id":102,"href":"https:\/\/vizyon.storepos.nl\/index.php?rest_route=\/wp\/v2\/pages\/7\/revisions\/102"}],"wp:featuredmedia":[{"embeddable":true,"href":"https:\/\/vizyon.storepos.nl\/index.php?rest_route=\/wp\/v2\/media\/23"}],"wp:attachment":[{"href":"https:\/\/vizyon.storepos.nl\/index.php?rest_route=%2Fwp%2Fv2%2Fmedia&parent=7"}],"curies":[{"name":"wp","href":"https:\/\/api.w.org\/{rel}","templated":true}]}}